{"id":1137,"date":"2026-01-14T18:30:14","date_gmt":"2026-01-14T17:30:14","guid":{"rendered":"https:\/\/eurotaxconsulting.com\/privacy-policy\/"},"modified":"2026-02-17T11:27:20","modified_gmt":"2026-02-17T10:27:20","slug":"datenschutzerklaerung","status":"publish","type":"page","link":"https:\/\/eurotaxconsulting.com\/de\/datenschutzerklaerung\/","title":{"rendered":"Datenschutzerkl\u00e4rung"},"content":{"rendered":"[vc_row type=&#8221;full_width_background&#8221; full_screen_row_position=&#8221;middle&#8221; column_margin=&#8221;default&#8221; column_direction=&#8221;default&#8221; column_direction_tablet=&#8221;default&#8221; column_direction_phone=&#8221;default&#8221; bg_color=&#8221;#333333&#8243; bg_image=&#8221;1052&#8243; bg_image_type=&#8221;img&#8221; bg_position=&#8221;center center&#8221; background_image_loading=&#8221;default&#8221; bg_repeat=&#8221;no-repeat&#8221; scene_position=&#8221;center&#8221; top_padding=&#8221;240&#8243; constrain_group_1=&#8221;yes&#8221; bottom_padding=&#8221;240&#8243; top_padding_tablet=&#8221;120&#8243; constrain_group_3=&#8221;yes&#8221; bottom_padding_tablet=&#8221;120&#8243; text_color=&#8221;light&#8221; text_align=&#8221;center&#8221; row_border_radius=&#8221;none&#8221; row_border_radius_applies=&#8221;bg&#8221; row_position_desktop=&#8221;default&#8221; row_position_tablet=&#8221;inherit&#8221; row_position_phone=&#8221;inherit&#8221; overflow=&#8221;visible&#8221; enable_gradient=&#8221;true&#8221; color_overlay=&#8221;#2EA3F2&#8243; color_overlay_2=&#8221;#0C71C3&#8243; overlay_strength=&#8221;0.8&#8243; gradient_direction=&#8221;top_to_bottom&#8221; shape_divider_position=&#8221;bottom&#8221; bg_image_animation=&#8221;none&#8221; gradient_type=&#8221;default&#8221; shape_type=&#8221;&#8221;][vc_column column_padding=&#8221;no-extra-padding&#8221; column_padding_tablet=&#8221;inherit&#8221; column_padding_phone=&#8221;inherit&#8221; column_padding_position=&#8221;all&#8221; bottom_margin_tablet=&#8221;0&#8243; column_element_direction_desktop=&#8221;default&#8221; column_element_spacing=&#8221;default&#8221; desktop_text_alignment=&#8221;default&#8221; tablet_text_alignment=&#8221;default&#8221; phone_text_alignment=&#8221;default&#8221; background_color_opacity=&#8221;1&#8243; background_hover_color_opacity=&#8221;1&#8243; column_backdrop_filter=&#8221;none&#8221; column_shadow=&#8221;none&#8221; column_border_radius=&#8221;none&#8221; column_link_target=&#8221;_self&#8221; column_position=&#8221;default&#8221; gradient_direction=&#8221;left_to_right&#8221; overlay_strength=&#8221;0.3&#8243; width=&#8221;1\/1&#8243; tablet_width_inherit=&#8221;default&#8221; animation_type=&#8221;default&#8221; bg_image_animation=&#8221;none&#8221; border_type=&#8221;simple&#8221; column_border_width=&#8221;none&#8221; column_border_style=&#8221;solid&#8221; column_padding_type=&#8221;default&#8221; content_layout=&#8221;default&#8221; gradient_type=&#8221;default&#8221; offset=&#8221;vc_col-md-offset-2 vc_col-md-8&#8243;][vc_custom_heading source=&#8221;post_title&#8221; font_container=&#8221;tag:h1|text_align:center&#8221; use_theme_fonts=&#8221;yes&#8221; css=&#8221;.vc_custom_1769023383983{margin-bottom: 0px !important;}&#8221;][\/vc_column][\/vc_row][vc_row type=&#8221;full_width_background&#8221; full_screen_row_position=&#8221;middle&#8221; column_margin=&#8221;default&#8221; column_direction=&#8221;default&#8221; column_direction_tablet=&#8221;default&#8221; column_direction_phone=&#8221;default&#8221; scene_position=&#8221;center&#8221; top_padding=&#8221;80&#8243; constrain_group_1=&#8221;yes&#8221; bottom_padding=&#8221;80&#8243; top_padding_tablet=&#8221;64&#8243; constrain_group_3=&#8221;yes&#8221; bottom_padding_tablet=&#8221;64&#8243; bottom_margin=&#8221;0&#8243; text_color=&#8221;dark&#8221; text_align=&#8221;left&#8221; row_border_radius=&#8221;none&#8221; row_border_radius_applies=&#8221;bg&#8221; row_position_desktop=&#8221;default&#8221; row_position_tablet=&#8221;inherit&#8221; row_position_phone=&#8221;inherit&#8221; overflow=&#8221;visible&#8221; overlay_strength=&#8221;0.3&#8243; gradient_direction=&#8221;left_to_right&#8221; shape_divider_position=&#8221;bottom&#8221; bg_image_animation=&#8221;none&#8221; gradient_type=&#8221;default&#8221; shape_type=&#8221;&#8221;][vc_column column_padding=&#8221;no-extra-padding&#8221; column_padding_tablet=&#8221;inherit&#8221; column_padding_phone=&#8221;inherit&#8221; column_padding_position=&#8221;all&#8221; bottom_margin_tablet=&#8221;0&#8243; column_element_direction_desktop=&#8221;default&#8221; column_element_spacing=&#8221;default&#8221; desktop_text_alignment=&#8221;default&#8221; tablet_text_alignment=&#8221;default&#8221; phone_text_alignment=&#8221;default&#8221; background_color_opacity=&#8221;1&#8243; background_hover_color_opacity=&#8221;1&#8243; column_backdrop_filter=&#8221;none&#8221; column_shadow=&#8221;none&#8221; column_border_radius=&#8221;none&#8221; column_link_target=&#8221;_self&#8221; column_position=&#8221;default&#8221; gradient_direction=&#8221;left_to_right&#8221; overlay_strength=&#8221;0.3&#8243; width=&#8221;1\/1&#8243; tablet_width_inherit=&#8221;default&#8221; animation_type=&#8221;default&#8221; bg_image_animation=&#8221;none&#8221; border_type=&#8221;simple&#8221; column_border_width=&#8221;none&#8221; column_border_style=&#8221;solid&#8221; column_padding_type=&#8221;default&#8221; content_layout=&#8221;default&#8221; gradient_type=&#8221;default&#8221; offset=&#8221;vc_col-md-offset-1 vc_col-md-10&#8243;][vc_column_text css=&#8221;&#8221; text_direction=&#8221;default&#8221;]In dieser Datenschutzerkl\u00e4rung informieren wir Sie \u00fcber die Verarbeitung Ihrer personenbezogenen Daten.<\/p>\n<p>Sofern Sie Ihre Datenschutzeinstellungen \u00e4ndern m\u00f6chten (Einwilligungen erteilen oder bereits erteilte Einwilligungen widerrufen), klicken Sie\u00a0<a class=\"sp-dsgvo-show-privacy-popup\" href=\"https:\/\/eurotax.consulting\/datenschutzerklaerung\/#\" target=\"_blank\" rel=\"noopener\">hier<\/a>\u00a0um Ihre Einstellungen zu \u00e4ndern.<\/p>\n<h2 id=\"Verantwortlich\">Verantwortlich<\/h2>\n<p>EUROTAX CONSULTING Ltd.,Office 9 &amp; Office 10, The Peak Business Centre, Triq Santa Katerina, Attard ATD 2486, Malta, <a href=\"mailto:info@eurotaxconsulting.com\">info@eurotaxconsulting.com<\/a>,\u00a0+356 2033 0051<\/p>\n<h2 id=\"Kontaktformular\">Kontaktformular<\/h2>\n<p>Auf unserer Website besteht die M\u00f6glichkeit, durch ein Kontaktformular direkt mit uns in Kontakt zu treten. Nach Absenden des Kontaktformulars erfolgt eine Verarbeitung der von Ihnen eingegebenen personenbezogenen Daten durch den Verantwortlichen zum Zweck der Bearbeitung Ihrer Anfrage auf Grundlage der von Ihnen durch das Absenden des Formulars erteilten Einwilligung gem. Art. 6 Abs. 1 lit. a DSGVO bis auf Widerruf.<br \/>\nEs besteht keine gesetzliche oder vertragliche Verpflichtung zur Bereitstellung der personenbezogenen Daten. Die Nichtbereitstellung hat lediglich zur Folge, dass Sie Ihr Anliegen nicht \u00fcbermitteln und wir dieses nicht bearbeiten k\u00f6nnen.<\/p>\n<h2 id=\"TagManager\">Tag Manager<\/h2>\n<h3 id=\"GoogleTagmanager\">Google Tagmanager<\/h3>\n<p>Im Fall der Erteilung Ihrer Einwilligung verarbeiten wir mit dem Dienst\u00a0<a href=\"https:\/\/www.google.com\/intl\/de\/tagmanager\/\" target=\"_blank\" rel=\"noopener\">Google Tag Manager<\/a>, Google LLC, Amphitheatre Parkway, Mountain View, CA 94043, USA, als gemeinsame Verantwortliche Ihre personenbezogenen Daten zum Zweck der Ausl\u00f6sung, Steuerung und Verwaltung weiterer Dienste unserer Website. Im konkreten Fall soll der oben angef\u00fchrte Dienst \u00fcber den Google Tag Manager gesteuert werden. Die Nichterteilung der Einwilligung hat daher genau die beim oben angef\u00fchrten Dienst beschriebene Auswirkung. Eine bereits erteilte Einwilligung k\u00f6nnen Sie widerrufen, indem Sie die\u00a0<a class=\"lwb-ppsp\" title=\"Datenschutzeinstellungen\" href=\"https:\/\/eurotax.consulting\/datenschutzerklaerung\/#\" target=\"_blank\" rel=\"noopener\">Datenschutzeinstellungen<\/a>\u00a0\u00e4ndern.<\/p>\n<p>Wir erm\u00f6glichen dem Google Tag Manager die Erhebung von Verbindungsdaten und Daten ihres Webbrowsers. Diese werden von Google zur Weiterentwicklung des Dienstes verwendet.<\/p>\n<p>Die Rechtsgrundlage f\u00fcr die Datenverarbeitung ist Ihre Einwilligung gem\u00e4\u00df Art. 6 Abs 1 lit. a DSGVO. Der Google Konzern \u00fcbermittelt Ihre personenbezogenen Daten in die USA. Die Rechtsgrundlage f\u00fcr die Daten\u00fcbermittlung in die USA ist Ihre Einwilligung gem\u00e4\u00df Art. 49 Abs 1 lit a iVm Art. 6 Abs 1 lit a DSGVO in Verbindung mit \u00a725 TTDSG. Sie wurden bereits vor Erteilung Ihrer Einwilligung informiert, dass die USA \u00fcber kein den Standards der EU entsprechendes Datenschutzniveau verf\u00fcgt. Insbesondere k\u00f6nnen US Geheimdienste auf Ihre Daten zugreifen, ohne dass Sie dar\u00fcber informiert werden und ohne dass Sie dagegen rechtlich vorgehen k\u00f6nnen. Der Europ\u00e4ische Gerichtshof hat aus diesem Grund in einem Urteil den fr\u00fcheren Angemessenheitsbeschluss (Privacy Shield) f\u00fcr ung\u00fcltig erkl\u00e4rt.<\/p>\n<h2 id=\"Analysedienste\">Analysedienste<\/h2>\n<h3 id=\"GoogleAnalytics\">Google Analytics<\/h3>\n<p>Im Fall der Erteilung Ihrer Einwilligung verarbeiten wir mit dem Dienst\u00a0<a href=\"https:\/\/analytics.google.com\/\" target=\"_blank\" rel=\"noopener\">Google Analytics<\/a>, Google LLC, Amphitheatre Parkway, Mountain View, CA 94043, USA, als gemeinsame Verantwortliche Ihre personenbezogenen Daten zum Zweck der Fehleranalyse und der statistischen Auswertung unserer Website. Die Nichterteilung der Einwilligung hat auf die Funktion der Website keine unmittelbare Auswirkung, ohne statistische Daten wird uns jedoch die Weiterentwicklung der Website erschwert. Eine bereits erteilte Einwilligung k\u00f6nnen Sie widerrufen, indem Sie die\u00a0<a class=\"lwb-ppsp\" title=\"Datenschutzeinstellungen\" href=\"https:\/\/eurotax.consulting\/datenschutzerklaerung\/#\" target=\"_blank\" rel=\"noopener\">Datenschutzeinstellungen<\/a>\u00a0\u00e4ndern.<\/p>\n<p>Wir erm\u00f6glichen dem Dienst die Erhebung von Verbindungsdaten, Daten ihres Webbrowsers und Daten \u00fcber die aufgerufenen Inhalte sowie die Ausf\u00fchrung von Analysesoftware und die Speicherung von Daten auf ihrem Endger\u00e4t. Der Dienst anonymisiert die erhobenen Daten unmittelbar nach der Erhebung und stellt uns die anonymen Daten in Form von Statistiken zur Auswertung zur Verf\u00fcgung. Wir nutzen diese Statistiken zur Fehlerbehebung und zur Weiterentwicklung unserer Website. Die Daten auf ihrem Endger\u00e4t werden f\u00fcr die Dauer von bis zu zwei Jahren gespeichert.<\/p>\n<p>Die Rechtsgrundlage f\u00fcr die Datenverarbeitung ist Ihre Einwilligung gem\u00e4\u00df Art. 6 Abs 1 lit. a DSGVO. Der Google Konzern \u00fcbermittelt Ihre personenbezogenen Daten in die USA. Die Rechtsgrundlage f\u00fcr die Daten\u00fcbermittlung in die USA ist Ihre Einwilligung gem\u00e4\u00df Art. 49 Abs 1 lit a iVm Art. 6 Abs 1 lit a DSGVO in Verbindung mit \u00a725 TTDSG. Sie wurden bereits vor Erteilung Ihrer Einwilligung informiert, dass die USA \u00fcber kein den Standards der EU entsprechendes Datenschutzniveau verf\u00fcgt. Insbesondere k\u00f6nnen US Geheimdienste auf Ihre Daten zugreifen, ohne dass Sie dar\u00fcber informiert werden und ohne dass Sie dagegen rechtlich vorgehen k\u00f6nnen. Der Europ\u00e4ische Gerichtshof hat aus diesem Grund in einem Urteil den fr\u00fcheren Angemessenheitsbeschluss (Privacy Shield) f\u00fcr ung\u00fcltig erkl\u00e4rt.<\/p>\n<h2 id=\"TargetingProfilingWerbung\">Targeting \/ Profiling \/ Werbung<\/h2>\n<h3 id=\"LinkedInPixel\">LinkedIn Pixel<\/h3>\n<p>Im Fall der Erteilung Ihrer Einwilligung verarbeiten wir mit dem Dienst\u00a0<a href=\"https:\/\/www.linkedin.com\/\" target=\"_blank\" rel=\"noopener\">LinkedIn Pixel<\/a>, LinkedIn Ireland Unlimited Company, Attn: Legal Dept. (Privacy Policy and User Agreement), Wilton Plaza, Wilton Place, Dublin 2, Irland als gemeinsame Verantwortliche Ihre personenbezogenen Daten zum Zweck der Schaltung personalisierter Werbung und der Messung unseres Werbeerfolgs.<\/p>\n<p>Die Nichterteilung der Einwilligung hat auf die Funktion der Website keine unmittelbare Auswirkung, uns ist es jedoch bei Nichterteilung der Einwillung nicht m\u00f6glich personenbezogene Werbung auf Ihren Endger\u00e4ten zu schalten. Eine bereits erteilte Einwilligung k\u00f6nnen Sie widerrufen, indem Sie die\u00a0<a class=\"lwb-ppsp\" title=\"Datenschutzeinstellungen\" href=\"https:\/\/eurotax.consulting\/datenschutzerklaerung\/#\" target=\"_blank\" rel=\"noopener\">Datenschutzeinstellungen<\/a>\u00a0\u00e4ndern.<\/p>\n<p>Wir erm\u00f6glichen dem Dienst die Erhebung von Verbindungsdaten, Daten ihres Webbrowsers und Daten \u00fcber die aufgerufenen Inhalte. Zudem erm\u00f6glichen wir dem Dienst die Ausf\u00fchrung einer Tracking- und Wiedererkennungssoftware sowie die Speicherung von Daten auf ihrem Endger\u00e4t. Mittels der Tracking- und Wiedererkennungssoftware ist es dem Dienst sodann m\u00f6glich sein Werbenetzwerk anzureichern und Sie bei dem Aufruf fremder Websites wiederzuerkennen bzw. personalisierte Werbung auszuspielen. Zudem verwenden wir die erhobenen Daten zur Messung unseres Werbeerfolgs. Die Daten auf ihrem Endger\u00e4t werden f\u00fcr die Dauer von bis zu zwei Jahren gespeichert.<\/p>\n<p>Die Rechtsgrundlage f\u00fcr die Datenverarbeitung ist Ihre Einwilligung gem\u00e4\u00df Art. 6 Abs 1 lit. a DSGVO.<\/p>\n<p>Der LinkedIn Konzern \u00fcbermittelt Ihre personenbezogenen Daten in die USA. Die Rechtsgrundlage f\u00fcr die Daten\u00fcbermittlung in die USA ist Ihre Einwilligung gem\u00e4\u00df Art. 49 Abs 1 lit a iVm Art. 6 Abs 1 lit a DSGVO in Verbindung mit \u00a725 TTDSG. Sie wurden bereits vor Erteilung Ihrer Einwilligung informiert, dass die USA \u00fcber kein den Standards der EU entsprechendes Datenschutzniveau verf\u00fcgt. Insbesondere k\u00f6nnen US Geheimdienste auf Ihre Daten zugreifen, ohne dass Sie dar\u00fcber informiert werden und ohne dass Sie dagegen rechtlich vorgehen k\u00f6nnen. Der Europ\u00e4ische Gerichtshof hat aus diesem Grund in einem Urteil den fr\u00fcheren Angemessenheitsbeschluss (Privacy Shield) f\u00fcr ung\u00fcltig erkl\u00e4rt.<\/p>\n<h2 id=\"Widerspruchsrecht\">Widerspruchsrecht<\/h2>\n<p>Sofern die Verarbeitung Ihrer personenbezogenen Daten auf Grundlage des berechtigten Interesses erfolgt, haben Sie das Recht gegen diese Verarbeitung zu widersprechen.<\/p>\n<p>Sofern keine zwingenden schutzw\u00fcrdigen Gr\u00fcnde f\u00fcr die Verarbeitung unsererseits vorliegen, wird die Verarbeitung Ihrer Daten auf Basis dieser Rechtsgrundlage eingestellt.<\/p>\n<p>Zudem haben Sie das Recht, der Verarbeitung Ihrer personenbezogenen Daten zum Zweck der Direktwerbung zu widersprechen. Im Fall des Widerspruchs werden Ihre personenbezogenen Daten nicht mehr zum Zweck der Direktwerbung verarbeitet.<\/p>\n<p>Die Rechtm\u00e4\u00dfigkeit der bis zum Widerspruch verarbeiteten Daten wird durch den Widerspruch nicht ber\u00fchrt.<\/p>\n<h2 id=\"Widerrufsrecht\">Widerrufsrecht<\/h2>\n<p>Sie haben das Recht eine bereits erteilte Einwilligung jederzeit zu widerrufen, indem Sie die\u00a0<a class=\"lwb-ppsp\" title=\"Datenschutzeinstellungen\" href=\"https:\/\/eurotax.consulting\/datenschutzerklaerung\/#\" target=\"_blank\" rel=\"noopener\">Datenschutzeinstellungen<\/a>\u00a0\u00e4ndern.<\/p>\n<p>Im Fall der Einwilligung in den Erhalt elektronischer Werbung kann der Widerruf Ihrer Einwilligung durch Klick auf den Abmeldelink erfolgen. In diesem Fall wird eine Verarbeitung, sofern keine andere Rechtsgrundlage besteht, eingestellt.<\/p>\n<p>Die Rechtm\u00e4\u00dfigkeit der bis zum Widerruf verarbeiteten Daten wird durch den Widerruf nicht ber\u00fchrt.<\/p>\n<h2 id=\"Betroffenenrechte\">Betroffenenrechte<\/h2>\n<p>Sie haben zudem das Recht auf Auskunft, Berichtigung, L\u00f6schung und Einschr\u00e4nkung der Verarbeitung der personenbezogenen Daten.<\/p>\n<p>Soweit die Rechtsgrundlage der Verarbeitung Ihrer personenbezogenen Daten in Ihrer Einwilligung oder in einem mit Ihnen abgeschlossenen Vertrag besteht, haben Sie \u00fcberdies das Recht auf Daten\u00fcbertragbarkeit.<\/p>\n<p>Weiters haben Sie das Recht auf Beschwerde bei der Aufsichtsbeh\u00f6rde. N\u00e4here Informationen zu den Aufsichtsbeh\u00f6rden in der Europ\u00e4ischen Union finden Sie\u00a0<a title=\"Datenschutzbeh\u00f6rden\" href=\"https:\/\/ec.europa.eu\/justice\/article-29\/structure\/data-protection-authorities\/index_en.htm\" target=\"_blank\" rel=\"noopener\">hier<\/a>.[\/vc_column_text][\/vc_column][\/vc_row]\n","protected":false},"excerpt":{"rendered":"<p>[vc_row type=&#8221;full_width_background&#8221; full_screen_row_position=&#8221;middle&#8221; column_margin=&#8221;default&#8221; column_direction=&#8221;default&#8221; column_direction_tablet=&#8221;default&#8221; column_direction_phone=&#8221;default&#8221; bg_color=&#8221;#333333&#8243; bg_image=&#8221;1052&#8243; bg_image_type=&#8221;img&#8221; bg_position=&#8221;center center&#8221; background_image_loading=&#8221;default&#8221; bg_repeat=&#8221;no-repeat&#8221; scene_position=&#8221;center&#8221; top_padding=&#8221;240&#8243; constrain_group_1=&#8221;yes&#8221; bottom_padding=&#8221;240&#8243; top_padding_tablet=&#8221;120&#8243; constrain_group_3=&#8221;yes&#8221; bottom_padding_tablet=&#8221;120&#8243; text_color=&#8221;light&#8221; text_align=&#8221;center&#8221; row_border_radius=&#8221;none&#8221; row_border_radius_applies=&#8221;bg&#8221; row_position_desktop=&#8221;default&#8221; row_position_tablet=&#8221;inherit&#8221; row_position_phone=&#8221;inherit&#8221; overflow=&#8221;visible&#8221; enable_gradient=&#8221;true&#8221;&#8230;<\/p>\n","protected":false},"author":1,"featured_media":0,"parent":0,"menu_order":100,"comment_status":"closed","ping_status":"closed","template":"","meta":{"footnotes":""},"class_list":["post-1137","page","type-page","status-publish"],"yoast_head":"<!-- This site is optimized with the Yoast SEO plugin v26.7 - https:\/\/yoast.com\/wordpress\/plugins\/seo\/ -->\n<title>Datenschutzerkl\u00e4rung | Euro Tax Consulting Ltd<\/title>\n<meta name=\"robots\" content=\"index, follow, max-snippet:-1, max-image-preview:large, max-video-preview:-1\" \/>\n<link rel=\"canonical\" href=\"https:\/\/eurotaxconsulting.com\/privacy-policy\/\" \/>\n<meta property=\"og:locale\" content=\"de_DE\" \/>\n<meta property=\"og:type\" content=\"article\" \/>\n<meta property=\"og:title\" content=\"Datenschutzerkl\u00e4rung | Euro Tax Consulting Ltd\" \/>\n<meta property=\"og:description\" content=\"[vc_row type=&#8221;full_width_background&#8221; full_screen_row_position=&#8221;middle&#8221; column_margin=&#8221;default&#8221; column_direction=&#8221;default&#8221; column_direction_tablet=&#8221;default&#8221; column_direction_phone=&#8221;default&#8221; bg_color=&#8221;#333333&#8243; bg_image=&#8221;1052&#8243; bg_image_type=&#8221;img&#8221; bg_position=&#8221;center center&#8221; background_image_loading=&#8221;default&#8221; bg_repeat=&#8221;no-repeat&#8221; scene_position=&#8221;center&#8221; top_padding=&#8221;240&#8243; constrain_group_1=&#8221;yes&#8221; bottom_padding=&#8221;240&#8243; top_padding_tablet=&#8221;120&#8243; constrain_group_3=&#8221;yes&#8221; bottom_padding_tablet=&#8221;120&#8243; text_color=&#8221;light&#8221; text_align=&#8221;center&#8221; row_border_radius=&#8221;none&#8221; row_border_radius_applies=&#8221;bg&#8221; row_position_desktop=&#8221;default&#8221; row_position_tablet=&#8221;inherit&#8221; row_position_phone=&#8221;inherit&#8221; overflow=&#8221;visible&#8221; enable_gradient=&#8221;true&#8221;...\" \/>\n<meta property=\"og:url\" content=\"https:\/\/eurotaxconsulting.com\/privacy-policy\/\" \/>\n<meta property=\"og:site_name\" content=\"Euro Tax Consulting Ltd\" \/>\n<meta property=\"article:modified_time\" content=\"2026-02-17T10:27:20+00:00\" \/>\n<meta property=\"og:image\" content=\"https:\/\/eurotaxconsulting.com\/app\/uploads\/2026\/01\/fbshare-v2.jpg\" \/>\n\t<meta property=\"og:image:width\" content=\"1200\" \/>\n\t<meta property=\"og:image:height\" content=\"630\" \/>\n\t<meta property=\"og:image:type\" content=\"image\/jpeg\" \/>\n<meta name=\"twitter:card\" content=\"summary_large_image\" \/>\n<meta name=\"twitter:label1\" content=\"Est. reading time\" \/>\n\t<meta name=\"twitter:data1\" content=\"6 minutes\" \/>\n<script type=\"application\/ld+json\" class=\"yoast-schema-graph\">{\"@context\":\"https:\/\/schema.org\",\"@graph\":[{\"@type\":\"WebPage\",\"@id\":\"https:\/\/eurotaxconsulting.com\/privacy-policy\/\",\"url\":\"https:\/\/eurotaxconsulting.com\/privacy-policy\/\",\"name\":\"Datenschutzerkl\u00e4rung | Euro Tax Consulting Ltd\",\"isPartOf\":{\"@id\":\"https:\/\/eurotaxconsulting.com\/#website\"},\"datePublished\":\"2026-01-14T17:30:14+00:00\",\"dateModified\":\"2026-02-17T10:27:20+00:00\",\"breadcrumb\":{\"@id\":\"https:\/\/eurotaxconsulting.com\/privacy-policy\/#breadcrumb\"},\"inLanguage\":\"de-DE\",\"potentialAction\":[{\"@type\":\"ReadAction\",\"target\":[\"https:\/\/eurotaxconsulting.com\/privacy-policy\/\"]}]},{\"@type\":\"BreadcrumbList\",\"@id\":\"https:\/\/eurotaxconsulting.com\/privacy-policy\/#breadcrumb\",\"itemListElement\":[{\"@type\":\"ListItem\",\"position\":1,\"name\":\"Home\",\"item\":\"https:\/\/eurotaxconsulting.com\/de\/\"},{\"@type\":\"ListItem\",\"position\":2,\"name\":\"Datenschutzerkl\u00e4rung\"}]},{\"@type\":\"WebSite\",\"@id\":\"https:\/\/eurotaxconsulting.com\/#website\",\"url\":\"https:\/\/eurotaxconsulting.com\/\",\"name\":\"Euro Tax Consulting Ltd\",\"description\":\"Unternehmerberatung &amp; Buchhaltung in Malta\",\"publisher\":{\"@id\":\"https:\/\/eurotaxconsulting.com\/#organization\"},\"potentialAction\":[{\"@type\":\"SearchAction\",\"target\":{\"@type\":\"EntryPoint\",\"urlTemplate\":\"https:\/\/eurotaxconsulting.com\/?s={search_term_string}\"},\"query-input\":{\"@type\":\"PropertyValueSpecification\",\"valueRequired\":true,\"valueName\":\"search_term_string\"}}],\"inLanguage\":\"de-DE\"},{\"@type\":\"Organization\",\"@id\":\"https:\/\/eurotaxconsulting.com\/#organization\",\"name\":\"Euro Tax Consulting Ltd\",\"url\":\"https:\/\/eurotaxconsulting.com\/\",\"logo\":{\"@type\":\"ImageObject\",\"inLanguage\":\"de-DE\",\"@id\":\"https:\/\/eurotaxconsulting.com\/#\/schema\/logo\/image\/\",\"url\":\"https:\/\/eurotaxconsulting.com\/app\/uploads\/2026\/01\/ETC_new-Logo_blue.jpeg\",\"contentUrl\":\"https:\/\/eurotaxconsulting.com\/app\/uploads\/2026\/01\/ETC_new-Logo_blue.jpeg\",\"width\":703,\"height\":237,\"caption\":\"Euro Tax Consulting Ltd\"},\"image\":{\"@id\":\"https:\/\/eurotaxconsulting.com\/#\/schema\/logo\/image\/\"}}]}<\/script>\n<!-- \/ Yoast SEO plugin. -->","yoast_head_json":{"title":"Datenschutzerkl\u00e4rung | Euro Tax Consulting Ltd","robots":{"index":"index","follow":"follow","max-snippet":"max-snippet:-1","max-image-preview":"max-image-preview:large","max-video-preview":"max-video-preview:-1"},"canonical":"https:\/\/eurotaxconsulting.com\/privacy-policy\/","og_locale":"de_DE","og_type":"article","og_title":"Datenschutzerkl\u00e4rung | Euro Tax Consulting Ltd","og_description":"[vc_row type=&#8221;full_width_background&#8221; full_screen_row_position=&#8221;middle&#8221; column_margin=&#8221;default&#8221; column_direction=&#8221;default&#8221; column_direction_tablet=&#8221;default&#8221; column_direction_phone=&#8221;default&#8221; bg_color=&#8221;#333333&#8243; bg_image=&#8221;1052&#8243; bg_image_type=&#8221;img&#8221; bg_position=&#8221;center center&#8221; background_image_loading=&#8221;default&#8221; bg_repeat=&#8221;no-repeat&#8221; scene_position=&#8221;center&#8221; top_padding=&#8221;240&#8243; constrain_group_1=&#8221;yes&#8221; bottom_padding=&#8221;240&#8243; top_padding_tablet=&#8221;120&#8243; constrain_group_3=&#8221;yes&#8221; bottom_padding_tablet=&#8221;120&#8243; text_color=&#8221;light&#8221; text_align=&#8221;center&#8221; row_border_radius=&#8221;none&#8221; row_border_radius_applies=&#8221;bg&#8221; row_position_desktop=&#8221;default&#8221; row_position_tablet=&#8221;inherit&#8221; row_position_phone=&#8221;inherit&#8221; overflow=&#8221;visible&#8221; enable_gradient=&#8221;true&#8221;...","og_url":"https:\/\/eurotaxconsulting.com\/privacy-policy\/","og_site_name":"Euro Tax Consulting Ltd","article_modified_time":"2026-02-17T10:27:20+00:00","og_image":[{"width":1200,"height":630,"url":"https:\/\/eurotaxconsulting.com\/app\/uploads\/2026\/01\/fbshare-v2.jpg","type":"image\/jpeg"}],"twitter_card":"summary_large_image","twitter_misc":{"Est. reading time":"6 minutes"},"schema":{"@context":"https:\/\/schema.org","@graph":[{"@type":"WebPage","@id":"https:\/\/eurotaxconsulting.com\/privacy-policy\/","url":"https:\/\/eurotaxconsulting.com\/privacy-policy\/","name":"Datenschutzerkl\u00e4rung | Euro Tax Consulting Ltd","isPartOf":{"@id":"https:\/\/eurotaxconsulting.com\/#website"},"datePublished":"2026-01-14T17:30:14+00:00","dateModified":"2026-02-17T10:27:20+00:00","breadcrumb":{"@id":"https:\/\/eurotaxconsulting.com\/privacy-policy\/#breadcrumb"},"inLanguage":"de-DE","potentialAction":[{"@type":"ReadAction","target":["https:\/\/eurotaxconsulting.com\/privacy-policy\/"]}]},{"@type":"BreadcrumbList","@id":"https:\/\/eurotaxconsulting.com\/privacy-policy\/#breadcrumb","itemListElement":[{"@type":"ListItem","position":1,"name":"Home","item":"https:\/\/eurotaxconsulting.com\/de\/"},{"@type":"ListItem","position":2,"name":"Datenschutzerkl\u00e4rung"}]},{"@type":"WebSite","@id":"https:\/\/eurotaxconsulting.com\/#website","url":"https:\/\/eurotaxconsulting.com\/","name":"Euro Tax Consulting Ltd","description":"Unternehmerberatung &amp; Buchhaltung in Malta","publisher":{"@id":"https:\/\/eurotaxconsulting.com\/#organization"},"potentialAction":[{"@type":"SearchAction","target":{"@type":"EntryPoint","urlTemplate":"https:\/\/eurotaxconsulting.com\/?s={search_term_string}"},"query-input":{"@type":"PropertyValueSpecification","valueRequired":true,"valueName":"search_term_string"}}],"inLanguage":"de-DE"},{"@type":"Organization","@id":"https:\/\/eurotaxconsulting.com\/#organization","name":"Euro Tax Consulting Ltd","url":"https:\/\/eurotaxconsulting.com\/","logo":{"@type":"ImageObject","inLanguage":"de-DE","@id":"https:\/\/eurotaxconsulting.com\/#\/schema\/logo\/image\/","url":"https:\/\/eurotaxconsulting.com\/app\/uploads\/2026\/01\/ETC_new-Logo_blue.jpeg","contentUrl":"https:\/\/eurotaxconsulting.com\/app\/uploads\/2026\/01\/ETC_new-Logo_blue.jpeg","width":703,"height":237,"caption":"Euro Tax Consulting Ltd"},"image":{"@id":"https:\/\/eurotaxconsulting.com\/#\/schema\/logo\/image\/"}}]}},"_links":{"self":[{"href":"https:\/\/eurotaxconsulting.com\/de\/wp-json\/wp\/v2\/pages\/1137","targetHints":{"allow":["GET"]}}],"collection":[{"href":"https:\/\/eurotaxconsulting.com\/de\/wp-json\/wp\/v2\/pages"}],"about":[{"href":"https:\/\/eurotaxconsulting.com\/de\/wp-json\/wp\/v2\/types\/page"}],"author":[{"embeddable":true,"href":"https:\/\/eurotaxconsulting.com\/de\/wp-json\/wp\/v2\/users\/1"}],"replies":[{"embeddable":true,"href":"https:\/\/eurotaxconsulting.com\/de\/wp-json\/wp\/v2\/comments?post=1137"}],"version-history":[{"count":2,"href":"https:\/\/eurotaxconsulting.com\/de\/wp-json\/wp\/v2\/pages\/1137\/revisions"}],"predecessor-version":[{"id":1340,"href":"https:\/\/eurotaxconsulting.com\/de\/wp-json\/wp\/v2\/pages\/1137\/revisions\/1340"}],"wp:attachment":[{"href":"https:\/\/eurotaxconsulting.com\/de\/wp-json\/wp\/v2\/media?parent=1137"}],"curies":[{"name":"wp","href":"https:\/\/api.w.org\/{rel}","templated":true}]}}